{"id":9,"date":"2026-03-03T09:59:02","date_gmt":"2026-03-03T09:59:02","guid":{"rendered":"https:\/\/zurezur.rkinformatika.online\/?page_id=9"},"modified":"2026-03-06T12:54:09","modified_gmt":"2026-03-06T12:54:09","slug":"inicio","status":"publish","type":"page","link":"https:\/\/zurezur.com\/eu\/","title":{"rendered":"Hasiera"},"content":{"rendered":"<div data-elementor-type=\"wp-page\" data-elementor-id=\"9\" class=\"elementor elementor-9\" data-elementor-post-type=\"page\">\n\t\t\t\t<div class=\"elementor-element elementor-element-8ddfb5c e-flex e-con-boxed e-con e-parent\" data-id=\"8ddfb5c\" data-element_type=\"container\" data-e-type=\"container\" data-settings=\"{&quot;background_background&quot;:&quot;classic&quot;}\">\n\t\t\t\t\t<div class=\"e-con-inner\">\n\t\t\t\t<div class=\"elementor-element elementor-element-f9d9771 elementor-widget elementor-widget-heading\" data-id=\"f9d9771\" data-element_type=\"widget\" data-e-type=\"widget\" data-widget_type=\"heading.default\">\n\t\t\t\t\t<h2 class=\"elementor-heading-title elementor-size-default\">Zurezur<\/h2>\t\t\t\t<\/div>\n\t\t\t\t<div class=\"elementor-element elementor-element-685791f elementor-headline--style-highlight elementor-widget elementor-widget-animated-headline\" data-id=\"685791f\" data-element_type=\"widget\" data-e-type=\"widget\" data-settings=\"{&quot;marker&quot;:&quot;double_underline&quot;,&quot;highlighted_text&quot;:&quot;Ebanister\\u00eda artesanal:&quot;,&quot;headline_style&quot;:&quot;highlight&quot;,&quot;loop&quot;:&quot;yes&quot;,&quot;highlight_animation_duration&quot;:1200,&quot;highlight_iteration_delay&quot;:8000}\" data-widget_type=\"animated-headline.default\">\n\t\t\t\t\t\t\t<h3 class=\"elementor-headline\">\n\t\t\t\t<span class=\"elementor-headline-dynamic-wrapper elementor-headline-text-wrapper\">\n\t\t\t\t\t<span class=\"elementor-headline-dynamic-text elementor-headline-text-active\">Ebanisteria artisaua:<\/span>\n\t\t\t\t<\/span>\n\t\t\t\t\t<span class=\"elementor-headline-plain-text elementor-headline-text-wrapper\">egur nobleetako altzarien diseinua eta fabrikazioa.<\/span>\n\t\t\t\t\t<\/h3>\n\t\t\t\t\t\t<\/div>\n\t\t\t\t\t<\/div>\n\t\t\t\t<\/div>\n\t\t<div class=\"elementor-element elementor-element-0fadad7 e-flex e-con-boxed e-con e-parent\" data-id=\"0fadad7\" data-element_type=\"container\" data-e-type=\"container\" data-settings=\"{&quot;background_background&quot;:&quot;classic&quot;}\">\n\t\t\t\t\t<div class=\"e-con-inner\">\n\t\t<div class=\"elementor-element elementor-element-9269e95 e-con-full e-flex e-con e-child\" data-id=\"9269e95\" data-element_type=\"container\" data-e-type=\"container\" data-settings=\"{&quot;background_background&quot;:&quot;classic&quot;}\">\n\t\t\t\t<div class=\"elementor-element elementor-element-9e91e59 elementor-widget elementor-widget-image\" data-id=\"9e91e59\" data-element_type=\"widget\" data-e-type=\"widget\" data-widget_type=\"image.default\">\n\t\t\t\t\t\t\t\t\t\t\t\t\t\t\t<img fetchpriority=\"high\" decoding=\"async\" width=\"800\" height=\"534\" src=\"https:\/\/zurezur.com\/wp-content\/uploads\/2026\/03\/26129-1-1024x683.jpg\" class=\"attachment-large size-large wp-image-312\" alt=\"\" srcset=\"https:\/\/zurezur.com\/wp-content\/uploads\/2026\/03\/26129-1-1024x683.jpg 1024w, https:\/\/zurezur.com\/wp-content\/uploads\/2026\/03\/26129-1-300x200.jpg 300w, https:\/\/zurezur.com\/wp-content\/uploads\/2026\/03\/26129-1-768x512.jpg 768w, https:\/\/zurezur.com\/wp-content\/uploads\/2026\/03\/26129-1-18x12.jpg 18w, https:\/\/zurezur.com\/wp-content\/uploads\/2026\/03\/26129-1.jpg 1500w\" sizes=\"(max-width: 800px) 100vw, 800px\" \/>\t\t\t\t\t\t\t\t\t\t\t\t\t\t\t<\/div>\n\t\t\t\t<\/div>\n\t\t<div class=\"elementor-element elementor-element-0a1ce89 e-con-full e-flex e-con e-child\" data-id=\"0a1ce89\" data-element_type=\"container\" data-e-type=\"container\">\n\t\t<div class=\"elementor-element elementor-element-9187562 e-con-full e-flex e-con e-child\" data-id=\"9187562\" data-element_type=\"container\" data-e-type=\"container\" data-settings=\"{&quot;background_background&quot;:&quot;classic&quot;}\">\n\t\t\t\t<div class=\"elementor-element elementor-element-425fa20 elementor-widget elementor-widget-heading\" data-id=\"425fa20\" data-element_type=\"widget\" data-e-type=\"widget\" data-widget_type=\"heading.default\">\n\t\t\t\t\t<h2 class=\"elementor-heading-title elementor-size-default\">Enpresaren historia<\/h2>\t\t\t\t<\/div>\n\t\t\t\t<div class=\"elementor-element elementor-element-abe69a8 elementor-widget elementor-widget-text-editor\" data-id=\"abe69a8\" data-element_type=\"widget\" data-e-type=\"widget\" data-widget_type=\"text-editor.default\">\n\t\t\t\t\t\t\t\t\t<p data-start=\"28\" data-end=\"286\">Zurgintza tailer bat gara, zur nobleekin neurrira egindako altzariak diseinatu eta fabrikatzen dituena. Proiektuaren atzean arotz autonomo bat dago, etxeko arotzerian, berrikuntzetan eta altzari pertsonalizatuen sorkuntzan 6 urte baino gehiagoko esperientzia duena.<\/p><p data-start=\"288\" data-end=\"498\">Guztia eskuz egindako altzari txiki apaingarrien fabrikazioarekin hasi zen. Denborarekin, zurarekiko grina hori haziz joan zen, pieza bakar eta iraunkorrak sortzera bideratutako proiektu bihurtu arte.<\/p><p data-start=\"500\" data-end=\"692\" data-is-last-node=\"\" data-is-only-node=\"\">Gaur egun, artisau-eran lan egiten jarraitzen dugu, xehetasun bakoitza zainduz eta bezero bakoitzarekin lankidetzan arituz, bere ideiak altzari bakar bihurtzeko, etxeari nortasuna eta kalitatea emateko.<\/p>\t\t\t\t\t\t\t\t<\/div>\n\t\t\t\t<\/div>\n\t\t\t\t<\/div>\n\t\t\t\t\t<\/div>\n\t\t\t\t<\/div>\n\t\t<div class=\"elementor-element elementor-element-171de2a e-flex e-con-boxed e-con e-parent\" data-id=\"171de2a\" data-element_type=\"container\" data-e-type=\"container\">\n\t\t\t\t\t<div class=\"e-con-inner\">\n\t\t<div class=\"elementor-element elementor-element-a367f80 e-con-full e-flex e-con e-child\" data-id=\"a367f80\" data-element_type=\"container\" data-e-type=\"container\">\n\t\t\t\t<div class=\"elementor-element elementor-element-3eec2d7 elementor-bg-transform elementor-bg-transform-move-up elementor-cta--skin-classic elementor-animated-content elementor-widget elementor-widget-call-to-action\" data-id=\"3eec2d7\" data-element_type=\"widget\" data-e-type=\"widget\" data-widget_type=\"call-to-action.default\">\n\t\t\t\t\t\t\t<div class=\"elementor-cta\">\n\t\t\t\t\t<div class=\"elementor-cta__bg-wrapper\">\n\t\t\t\t<div class=\"elementor-cta__bg elementor-bg\" style=\"background-image: url(https:\/\/zurezur.com\/wp-content\/uploads\/2026\/03\/27592-1024x439.jpg);\" role=\"img\" aria-label=\"27592\"><\/div>\n\t\t\t\t<div class=\"elementor-cta__bg-overlay\"><\/div>\n\t\t\t<\/div>\n\t\t\t\t\t\t\t<div class=\"elementor-cta__content\">\n\t\t\t\t\n\t\t\t\t\t\t\t\t\t<h2 class=\"elementor-cta__title elementor-cta__content-item elementor-content-item\">\n\t\t\t\t\t\tAztertu zer sor dezakegun zuretzat\t\t\t\t\t<\/h2>\n\t\t\t\t\n\t\t\t\t\n\t\t\t\t\t\t\t\t\t<div class=\"elementor-cta__button-wrapper elementor-cta__content-item elementor-content-item\">\n\t\t\t\t\t<a class=\"elementor-cta__button elementor-button elementor-size-\" href=\"https:\/\/zurezur.com\/eu\/servicios\/\">\n\t\t\t\t\t\tZerbitzua\t\t\t\t\t<\/a>\n\t\t\t\t\t<\/div>\n\t\t\t\t\t\t\t<\/div>\n\t\t\t\t\t\t<\/div>\n\t\t\t\t\t\t<\/div>\n\t\t\t\t<\/div>\n\t\t\t\t\t<\/div>\n\t\t\t\t<\/div>\n\t\t\t\t<\/div>","protected":false},"excerpt":{"rendered":"<p>Zurezur Ebanister\u00eda artesanal: dise\u00f1o y fabricaci\u00f3n de muebles en maderas nobles. Historia de la empresa Somos un taller de ebanister\u00eda dedicado al dise\u00f1o y fabricaci\u00f3n de muebles a medida con maderas nobles. Detr\u00e1s del proyecto hay un carpintero aut\u00f3nomo con m\u00e1s de 6 a\u00f1os de experiencia en carpinter\u00eda del hogar, reformas y creaci\u00f3n de mobiliario [&hellip;]<\/p>\n","protected":false},"author":1,"featured_media":0,"parent":0,"menu_order":0,"comment_status":"closed","ping_status":"closed","template":"elementor_canvas","meta":{"footnotes":""},"class_list":["post-9","page","type-page","status-publish","hentry"],"yoast_head":"<!-- This site is optimized with the Yoast SEO plugin v27.3 - https:\/\/yoast.com\/product\/yoast-seo-wordpress\/ -->\n<title>Inicio - Zurezur<\/title>\n<meta name=\"robots\" content=\"index, follow, max-snippet:-1, max-image-preview:large, max-video-preview:-1\" \/>\n<link rel=\"canonical\" href=\"https:\/\/zurezur.com\/eu\/\" \/>\n<meta property=\"og:locale\" content=\"en_US\" \/>\n<meta property=\"og:type\" content=\"article\" \/>\n<meta property=\"og:title\" content=\"Inicio - Zurezur\" \/>\n<meta property=\"og:description\" content=\"Zurezur Ebanister\u00eda artesanal: dise\u00f1o y fabricaci\u00f3n de muebles en maderas nobles. Historia de la empresa Somos un taller de ebanister\u00eda dedicado al dise\u00f1o y fabricaci\u00f3n de muebles a medida con maderas nobles. Detr\u00e1s del proyecto hay un carpintero aut\u00f3nomo con m\u00e1s de 6 a\u00f1os de experiencia en carpinter\u00eda del hogar, reformas y creaci\u00f3n de mobiliario [&hellip;]\" \/>\n<meta property=\"og:url\" content=\"https:\/\/zurezur.com\/eu\/\" \/>\n<meta property=\"og:site_name\" content=\"Zurezur\" \/>\n<meta property=\"article:modified_time\" content=\"2026-03-06T12:54:09+00:00\" \/>\n<meta property=\"og:image\" content=\"https:\/\/zurezur.com\/wp-content\/uploads\/2026\/03\/26129-1.jpg\" \/>\n\t<meta property=\"og:image:width\" content=\"1500\" \/>\n\t<meta property=\"og:image:height\" content=\"1000\" \/>\n\t<meta property=\"og:image:type\" content=\"image\/jpeg\" \/>\n<meta name=\"twitter:card\" content=\"summary_large_image\" \/>\n<meta name=\"twitter:label1\" content=\"Est. reading time\" \/>\n\t<meta name=\"twitter:data1\" content=\"1 minutua\" \/>\n<script type=\"application\/ld+json\" class=\"yoast-schema-graph\">{\"@context\":\"https:\\\/\\\/schema.org\",\"@graph\":[{\"@type\":\"WebPage\",\"@id\":\"https:\\\/\\\/zurezur.com\\\/\",\"url\":\"https:\\\/\\\/zurezur.com\\\/\",\"name\":\"Inicio - Zurezur\",\"isPartOf\":{\"@id\":\"https:\\\/\\\/zurezur.com\\\/#website\"},\"primaryImageOfPage\":{\"@id\":\"https:\\\/\\\/zurezur.com\\\/#primaryimage\"},\"image\":{\"@id\":\"https:\\\/\\\/zurezur.com\\\/#primaryimage\"},\"thumbnailUrl\":\"https:\\\/\\\/zurezur.com\\\/wp-content\\\/uploads\\\/2026\\\/03\\\/26129-1-1024x683.jpg\",\"datePublished\":\"2026-03-03T09:59:02+00:00\",\"dateModified\":\"2026-03-06T12:54:09+00:00\",\"breadcrumb\":{\"@id\":\"https:\\\/\\\/zurezur.com\\\/#breadcrumb\"},\"inLanguage\":\"eu\",\"potentialAction\":[{\"@type\":\"ReadAction\",\"target\":[\"https:\\\/\\\/zurezur.com\\\/\"]}]},{\"@type\":\"ImageObject\",\"inLanguage\":\"eu\",\"@id\":\"https:\\\/\\\/zurezur.com\\\/#primaryimage\",\"url\":\"https:\\\/\\\/zurezur.com\\\/wp-content\\\/uploads\\\/2026\\\/03\\\/26129-1-1024x683.jpg\",\"contentUrl\":\"https:\\\/\\\/zurezur.com\\\/wp-content\\\/uploads\\\/2026\\\/03\\\/26129-1-1024x683.jpg\"},{\"@type\":\"BreadcrumbList\",\"@id\":\"https:\\\/\\\/zurezur.com\\\/#breadcrumb\",\"itemListElement\":[{\"@type\":\"ListItem\",\"position\":1,\"name\":\"Portada\",\"item\":\"https:\\\/\\\/zurezur.com\\\/\"},{\"@type\":\"ListItem\",\"position\":2,\"name\":\"Inicio\"}]},{\"@type\":\"WebSite\",\"@id\":\"https:\\\/\\\/zurezur.com\\\/#website\",\"url\":\"https:\\\/\\\/zurezur.com\\\/\",\"name\":\"Zurezur\",\"description\":\"\",\"publisher\":{\"@id\":\"https:\\\/\\\/zurezur.com\\\/#organization\"},\"potentialAction\":[{\"@type\":\"SearchAction\",\"target\":{\"@type\":\"EntryPoint\",\"urlTemplate\":\"https:\\\/\\\/zurezur.com\\\/?s={search_term_string}\"},\"query-input\":{\"@type\":\"PropertyValueSpecification\",\"valueRequired\":true,\"valueName\":\"search_term_string\"}}],\"inLanguage\":\"eu\"},{\"@type\":\"Organization\",\"@id\":\"https:\\\/\\\/zurezur.com\\\/#organization\",\"name\":\"Zurezur\",\"url\":\"https:\\\/\\\/zurezur.com\\\/\",\"logo\":{\"@type\":\"ImageObject\",\"inLanguage\":\"eu\",\"@id\":\"https:\\\/\\\/zurezur.com\\\/#\\\/schema\\\/logo\\\/image\\\/\",\"url\":\"https:\\\/\\\/zurezur.com\\\/wp-content\\\/uploads\\\/2026\\\/03\\\/cropped-847f99c3-1631-42c6-9068-51ae32c921fd.png\",\"contentUrl\":\"https:\\\/\\\/zurezur.com\\\/wp-content\\\/uploads\\\/2026\\\/03\\\/cropped-847f99c3-1631-42c6-9068-51ae32c921fd.png\",\"width\":1023,\"height\":1023,\"caption\":\"Zurezur\"},\"image\":{\"@id\":\"https:\\\/\\\/zurezur.com\\\/#\\\/schema\\\/logo\\\/image\\\/\"}}]}<\/script>\n<!-- \/ Yoast SEO plugin. -->","yoast_head_json":{"title":"Inicio - Zurezur","robots":{"index":"index","follow":"follow","max-snippet":"max-snippet:-1","max-image-preview":"max-image-preview:large","max-video-preview":"max-video-preview:-1"},"canonical":"https:\/\/zurezur.com\/eu\/","og_locale":"en_US","og_type":"article","og_title":"Inicio - Zurezur","og_description":"Zurezur Ebanister\u00eda artesanal: dise\u00f1o y fabricaci\u00f3n de muebles en maderas nobles. Historia de la empresa Somos un taller de ebanister\u00eda dedicado al dise\u00f1o y fabricaci\u00f3n de muebles a medida con maderas nobles. Detr\u00e1s del proyecto hay un carpintero aut\u00f3nomo con m\u00e1s de 6 a\u00f1os de experiencia en carpinter\u00eda del hogar, reformas y creaci\u00f3n de mobiliario [&hellip;]","og_url":"https:\/\/zurezur.com\/eu\/","og_site_name":"Zurezur","article_modified_time":"2026-03-06T12:54:09+00:00","og_image":[{"width":1500,"height":1000,"url":"https:\/\/zurezur.com\/wp-content\/uploads\/2026\/03\/26129-1.jpg","type":"image\/jpeg"}],"twitter_card":"summary_large_image","twitter_misc":{"Est. reading time":"1 minutua"},"schema":{"@context":"https:\/\/schema.org","@graph":[{"@type":"WebPage","@id":"https:\/\/zurezur.com\/","url":"https:\/\/zurezur.com\/","name":"Inicio - Zurezur","isPartOf":{"@id":"https:\/\/zurezur.com\/#website"},"primaryImageOfPage":{"@id":"https:\/\/zurezur.com\/#primaryimage"},"image":{"@id":"https:\/\/zurezur.com\/#primaryimage"},"thumbnailUrl":"https:\/\/zurezur.com\/wp-content\/uploads\/2026\/03\/26129-1-1024x683.jpg","datePublished":"2026-03-03T09:59:02+00:00","dateModified":"2026-03-06T12:54:09+00:00","breadcrumb":{"@id":"https:\/\/zurezur.com\/#breadcrumb"},"inLanguage":"eu","potentialAction":[{"@type":"ReadAction","target":["https:\/\/zurezur.com\/"]}]},{"@type":"ImageObject","inLanguage":"eu","@id":"https:\/\/zurezur.com\/#primaryimage","url":"https:\/\/zurezur.com\/wp-content\/uploads\/2026\/03\/26129-1-1024x683.jpg","contentUrl":"https:\/\/zurezur.com\/wp-content\/uploads\/2026\/03\/26129-1-1024x683.jpg"},{"@type":"BreadcrumbList","@id":"https:\/\/zurezur.com\/#breadcrumb","itemListElement":[{"@type":"ListItem","position":1,"name":"Portada","item":"https:\/\/zurezur.com\/"},{"@type":"ListItem","position":2,"name":"Inicio"}]},{"@type":"WebSite","@id":"https:\/\/zurezur.com\/#website","url":"https:\/\/zurezur.com\/","name":"Zurezur","description":"","publisher":{"@id":"https:\/\/zurezur.com\/#organization"},"potentialAction":[{"@type":"SearchAction","target":{"@type":"EntryPoint","urlTemplate":"https:\/\/zurezur.com\/?s={search_term_string}"},"query-input":{"@type":"PropertyValueSpecification","valueRequired":true,"valueName":"search_term_string"}}],"inLanguage":"eu"},{"@type":"Organization","@id":"https:\/\/zurezur.com\/#organization","name":"Zurezur","url":"https:\/\/zurezur.com\/","logo":{"@type":"ImageObject","inLanguage":"eu","@id":"https:\/\/zurezur.com\/#\/schema\/logo\/image\/","url":"https:\/\/zurezur.com\/wp-content\/uploads\/2026\/03\/cropped-847f99c3-1631-42c6-9068-51ae32c921fd.png","contentUrl":"https:\/\/zurezur.com\/wp-content\/uploads\/2026\/03\/cropped-847f99c3-1631-42c6-9068-51ae32c921fd.png","width":1023,"height":1023,"caption":"Zurezur"},"image":{"@id":"https:\/\/zurezur.com\/#\/schema\/logo\/image\/"}}]}},"_links":{"self":[{"href":"https:\/\/zurezur.com\/eu\/wp-json\/wp\/v2\/pages\/9","targetHints":{"allow":["GET"]}}],"collection":[{"href":"https:\/\/zurezur.com\/eu\/wp-json\/wp\/v2\/pages"}],"about":[{"href":"https:\/\/zurezur.com\/eu\/wp-json\/wp\/v2\/types\/page"}],"author":[{"embeddable":true,"href":"https:\/\/zurezur.com\/eu\/wp-json\/wp\/v2\/users\/1"}],"replies":[{"embeddable":true,"href":"https:\/\/zurezur.com\/eu\/wp-json\/wp\/v2\/comments?post=9"}],"version-history":[{"count":214,"href":"https:\/\/zurezur.com\/eu\/wp-json\/wp\/v2\/pages\/9\/revisions"}],"predecessor-version":[{"id":783,"href":"https:\/\/zurezur.com\/eu\/wp-json\/wp\/v2\/pages\/9\/revisions\/783"}],"wp:attachment":[{"href":"https:\/\/zurezur.com\/eu\/wp-json\/wp\/v2\/media?parent=9"}],"curies":[{"name":"wp","href":"https:\/\/api.w.org\/{rel}","templated":true}]}}